{"id":153,"date":"2025-03-10T00:31:21","date_gmt":"2025-03-10T03:31:21","guid":{"rendered":"https:\/\/chilecon2025.pucv.cl\/?page_id=153"},"modified":"2025-03-10T17:36:08","modified_gmt":"2025-03-10T20:36:08","slug":"51o-conferencia-latinoamericana-de-informatica-clei","status":"publish","type":"page","link":"https:\/\/chilecon2025.pucv.cl\/?page_id=153","title":{"rendered":"51\u00ba\u00a0Conferencia Latinoamericana de Inform\u00e1tica (CLEI)"},"content":{"rendered":"\n<div class=\"wp-block-cover has-parallax has-base-color has-text-color has-link-color wp-elements-4a1011da8a9287dc98664753742d13b8\" style=\"min-height:350px;aspect-ratio:unset;\"><span aria-hidden=\"true\" class=\"wp-block-cover__background has-background-dim-40 has-background-dim\"><\/span><div class=\"wp-block-cover__image-background wp-image-70 has-parallax\" style=\"background-position:50% 50%;background-image:url(https:\/\/ieeechilecon2025.wordpress.com\/wp-content\/uploads\/2024\/12\/banner-1920-x-740.jpeg)\"><\/div><div class=\"wp-block-cover__inner-container has-global-padding is-layout-constrained wp-block-cover-is-layout-constrained\">\n<p class=\"has-text-align-center has-background has-xx-large-font-size\" style=\"border-width:5px;border-radius:10px;background-color:#092d73;margin-top:0;margin-bottom:0;padding-top:0;padding-right:0;padding-bottom:0;padding-left:0\">51\u00ba\u00a0Conferencia Latinoamericana de Inform\u00e1tica (CLEI)<\/p>\n<\/div><\/div>\n\n\n\n<h2 class=\"wp-block-heading\">51\u00ba&nbsp;Conferencia Latinoamericana de Inform\u00e1tica (CLEI)<\/h2>\n\n\n\n<p>La Conferencia Latinoamericana de Inform\u00e1tica (CLEI) es un evento anual organizado por el Centro Latinoamericano de Estudios de Inform\u00e1tica, y ocurre desde 1974, de modo itinerante por los pa\u00edses Latinoamericanos. CLEI es el espacio latinoamericano m\u00e1s importante de intercambio de ideas, experiencias y resultados de investigaci\u00f3n entre investigadores, profesionales, docentes y estudiantes de Ciencias de la Computaci\u00f3n e Inform\u00e1tica, as\u00ed como sus aplicaciones tecnol\u00f3gicas. Tiene como objetivo el intercambio de ideas, experiencias y resultados de investigaci\u00f3n en las \u00e1reas de inter\u00e9s de la comunidad, por medio de conferencias, talleres, tutoriales y paneles.<\/p>\n\n\n\n<p>En esta edici\u00f3n, CLEI2025 se realizar\u00e1 en la Pontificia Universidad Cat\u00f3lica de Valpara\u00edso (PUCV) del 27 al 31 de Octubre pr\u00f3ximo.<\/p>\n\n\n\n<p>M\u00e1s informacion en&nbsp;<a href=\"https:\/\/conferencia2025.clei.org\/\">https:\/\/conferencia2025.clei.org\/<\/a><\/p>\n","protected":false},"excerpt":{"rendered":"<p>51\u00ba&nbsp;Conferencia Latinoamericana de Inform\u00e1tica (CLEI) La Conferencia Latinoamericana de Inform\u00e1tica (CLEI) es un evento anual organizado por el Centro Latinoamericano de Estudios de Inform\u00e1tica, y ocurre desde 1974, de modo itinerante por los pa\u00edses Latinoamericanos. CLEI es el espacio latinoamericano m\u00e1s importante de intercambio de ideas, experiencias y resultados de investigaci\u00f3n entre investigadores, profesionales, docentes [&hellip;]<\/p>\n","protected":false},"author":1,"featured_media":0,"parent":0,"menu_order":0,"comment_status":"closed","ping_status":"closed","template":"","meta":{"footnotes":""},"class_list":["post-153","page","type-page","status-publish","hentry"],"_links":{"self":[{"href":"https:\/\/chilecon2025.pucv.cl\/index.php?rest_route=\/wp\/v2\/pages\/153","targetHints":{"allow":["GET"]}}],"collection":[{"href":"https:\/\/chilecon2025.pucv.cl\/index.php?rest_route=\/wp\/v2\/pages"}],"about":[{"href":"https:\/\/chilecon2025.pucv.cl\/index.php?rest_route=\/wp\/v2\/types\/page"}],"author":[{"embeddable":true,"href":"https:\/\/chilecon2025.pucv.cl\/index.php?rest_route=\/wp\/v2\/users\/1"}],"replies":[{"embeddable":true,"href":"https:\/\/chilecon2025.pucv.cl\/index.php?rest_route=%2Fwp%2Fv2%2Fcomments&post=153"}],"version-history":[{"count":2,"href":"https:\/\/chilecon2025.pucv.cl\/index.php?rest_route=\/wp\/v2\/pages\/153\/revisions"}],"predecessor-version":[{"id":169,"href":"https:\/\/chilecon2025.pucv.cl\/index.php?rest_route=\/wp\/v2\/pages\/153\/revisions\/169"}],"wp:attachment":[{"href":"https:\/\/chilecon2025.pucv.cl\/index.php?rest_route=%2Fwp%2Fv2%2Fmedia&parent=153"}],"curies":[{"name":"wp","href":"https:\/\/api.w.org\/{rel}","templated":true}]}}