{"id":77,"date":"2024-08-19T04:10:43","date_gmt":"2024-08-19T04:10:43","guid":{"rendered":"https:\/\/clcon.moai-san.net\/?page_id=2"},"modified":"2025-11-07T20:54:01","modified_gmt":"2025-11-07T23:54:01","slug":"call","status":"publish","type":"page","link":"https:\/\/chilecon2025.pucv.cl\/?page_id=77","title":{"rendered":"Call-for-papers"},"content":{"rendered":"\n<div class=\"wp-block-cover has-parallax has-base-color has-text-color has-link-color wp-elements-050fdba79a5481f92d93b90fdd9d6b3e\" style=\"min-height:350px;aspect-ratio:unset;\"><div class=\"wp-block-cover__image-background wp-image-70 has-parallax\" style=\"background-position:50% 50%;background-image:url(https:\/\/ieeechilecon2025.wordpress.com\/wp-content\/uploads\/2024\/12\/banner-1920-x-740.jpeg)\"><\/div><span aria-hidden=\"true\" class=\"wp-block-cover__background has-background-dim-40 has-background-dim\"><\/span><div class=\"wp-block-cover__inner-container has-global-padding is-layout-constrained wp-block-cover-is-layout-constrained\">\n<p class=\"has-text-align-center has-background has-xx-large-font-size\" style=\"border-width:5px;border-radius:10px;background-color:#092d73;margin-top:0;margin-bottom:0;padding-top:0;padding-right:0;padding-bottom:0;padding-left:0\">Call for Papers<\/p>\n<\/div><\/div>\n\n\n\n<div class=\"wp-block-columns alignwide has-border-color has-base-color has-base-background-color has-text-color has-background has-link-color wp-elements-3d3bd9e08dc8e58f2f07c381cb7abd00 is-layout-flex wp-container-core-columns-is-layout-f1061711 wp-block-columns-is-layout-flex\" style=\"border-color:#092d73;border-width:2px;border-radius:10px;padding-right:var(--wp--preset--spacing--20);padding-left:var(--wp--preset--spacing--20)\">\n<div class=\"wp-block-column is-layout-flow wp-block-column-is-layout-flow\">\n<p class=\"has-text-color has-link-color wp-elements-25d42193d88dfada07c8dad0f39910cf\" style=\"color:#092d73;font-size:clamp(14.642px, 0.915rem + ((1vw - 3.2px) * 0.766), 22px);\"><strong><strong><strong><strong>IEEE Chilecon 2025 Best Paper Award<\/strong><\/strong><\/strong><\/strong><\/p>\n\n\n\n<ul class=\"wp-block-list has-contrast-color has-text-color has-link-color wp-elements-75dc89fa2c6006f37d6a8296eb1297bd\">\n<li>We are pleased to announce that the\u00a0<strong>Best Paper<\/strong>\u00a0from the\u00a0<strong>IEEE Chilecon 2025 Conference<\/strong>, selected by the Scientific Committee, will be invited for\u00a0<strong>publication free of charge<\/strong>\u00a0in a\u00a0<strong>Special Issue of\u00a0<em>Technologies<\/em><\/strong>\u00a0(MDPI, ISSN 2227-7080), an\u00a0<strong>open access international journal indexed in Scopus and Web of Science<\/strong>.<\/li>\n\n\n\n<li>Key highlights:\n<ul class=\"wp-block-list\">\n<li><strong>Full APC waiver<\/strong>\u00a0\u2013 completely free publication.<\/li>\n\n\n\n<li><strong>Extended and peer-reviewed version<\/strong>\u00a0of the awarded paper.<\/li>\n\n\n\n<li><strong>Wide international dissemination<\/strong>\u00a0through an open access platform.<\/li>\n\n\n\n<li><strong>Global academic visibility<\/strong>\u00a0for outstanding research in engineering and technology.<\/li>\n<\/ul>\n<\/li>\n\n\n\n<li>This recognition represents a unique opportunity to showcase cutting-edge contributions to a global audience. We warmly invite all authors to submit their best works and compete for this\u00a0<strong>prestigious distinction<\/strong>\u00a0at\u00a0<strong>IEEE Chilecon 2025<\/strong>.<\/li>\n<\/ul>\n<\/div>\n<\/div>\n\n\n\n<div class=\"wp-block-group alignwide is-layout-flow wp-block-group-is-layout-flow\" style=\"padding-right:0;padding-left:0\">\n<p class=\"has-border-color has-base-background-color has-text-color has-background has-link-color has-medium-font-size wp-elements-37c1419205b405324c97f8471c4c0009\" style=\"border-color:#092d73;border-width:2px;border-radius:10px;color:#092d73;margin-top:0;margin-right:0;margin-bottom:0;margin-left:0;padding-right:var(--wp--preset--spacing--10);padding-left:var(--wp--preset--spacing--10)\">Chilecon 2025 calls for papers in the various fields of engineering, science and related subjects, with the following topics being considered of special interest:<\/p>\n<\/div>\n\n\n\n<div class=\"wp-block-columns alignwide has-border-color has-base-background-color has-text-color has-background has-link-color wp-elements-a1c02e6c566213f935aafcb70b4400c4 is-layout-flex wp-container-core-columns-is-layout-b9a0ec00 wp-block-columns-is-layout-flex\" style=\"border-color:#092d73;border-width:2px;border-radius:10px;color:#092d73;padding-right:var(--wp--preset--spacing--20);padding-left:var(--wp--preset--spacing--20)\">\n<div class=\"wp-block-column is-layout-flow wp-block-column-is-layout-flow\" style=\"padding-right:0;padding-left:0\">\n<ul class=\"wp-block-list\">\n<li><strong>Artificial Inteligence.<\/strong> \n<ul class=\"wp-block-list\">\n<li class=\"has-text-color has-link-color wp-elements-25abf0d5b40ba612932af1c2cd4c8262\" style=\"color:#6e2900\"><strong>Track Chairs:<\/strong> Gabriel Gatica and Gast\u00f3n Lefranc.<\/li>\n<\/ul>\n<\/li>\n\n\n\n<li><strong>Biomedical Engineering.<\/strong> \n<ul class=\"wp-block-list\">\n<li class=\"has-text-color has-link-color wp-elements-ddf8f31d87b19f9d1582bf99a85d4bc8\" style=\"color:#6e2900\"><strong>Track Chairs:<\/strong> Esteban Pino and Antonio Rienzo.<\/li>\n<\/ul>\n<\/li>\n\n\n\n<li><strong>Computational Intelligence.<\/strong> \n<ul class=\"wp-block-list\">\n<li class=\"has-text-color has-link-color wp-elements-7b0d3e18c3659803d067db694af8c028\" style=\"color:#6e2900\"><strong>Track Chairs:<\/strong> Gast\u00f3n Lefranc and Daniel Luhr.<\/li>\n<\/ul>\n<\/li>\n\n\n\n<li><strong>Computer Science, Software and Informatics.<\/strong> \n<ul class=\"wp-block-list\">\n<li class=\"has-text-color has-link-color wp-elements-6c88a5983084f269e6f0c2f6e5a5ceb3\" style=\"color:#6e2900\"><strong>Track Chair:<\/strong> Jonathan Palma.<\/li>\n<\/ul>\n<\/li>\n\n\n\n<li><strong>Control Systems, Process Control.<\/strong> \n<ul class=\"wp-block-list\">\n<li class=\"has-text-color has-link-color wp-elements-235187ef05cb4cc0d42796ceead75fdb\" style=\"color:#6e2900\"><strong>Track Chairs:<\/strong> Carlos Fuhrhop and Ricardo P\u00e9rez.<\/li>\n<\/ul>\n<\/li>\n\n\n\n<li><strong>Control Theory.<\/strong> \n<ul class=\"wp-block-list\">\n<li class=\"has-text-color has-link-color wp-elements-c0998afb53a5e336f271dac46d7b312c\" style=\"color:#6e2900\"><strong>Track Chairs:<\/strong> Manuel Duarte and Marcos Orchard.<\/li>\n<\/ul>\n<\/li>\n\n\n\n<li><strong>Ecological Technology and Digital Agriculture.<\/strong> \n<ul class=\"wp-block-list\">\n<li class=\"has-text-color has-link-color wp-elements-c10f5c720ca2d800413dd21841aa7805\" style=\"color:#6e2900\"><strong>Track Chairs:<\/strong> Fernando Fuentes and Gabriel Gatica.<\/li>\n<\/ul>\n<\/li>\n\n\n\n<li><strong>Energy and Power Systems.<\/strong> \n<ul class=\"wp-block-list\">\n<li class=\"has-text-color has-link-color wp-elements-be2f9dff684b02e6b93b5ab7fb3a8c60\" style=\"color:#6e2900\"><strong>Track Chairs:<\/strong> H\u00e9ctor Chavez and Luis Gutierrez.<\/li>\n<\/ul>\n<\/li>\n\n\n\n<li><strong>Videogames and Virtual Reality.<\/strong> \n<ul class=\"wp-block-list\">\n<li class=\"has-text-color has-link-color wp-elements-28e82eaa101218002b1d30161bfde3e1\" style=\"color:#6e2900\"><strong>Track Chairs:<\/strong> Mario Bruno and Lorena Beatriz Mart\u00ednez Elizalde.<\/li>\n<\/ul>\n<\/li>\n<\/ul>\n<\/div>\n\n\n\n<div class=\"wp-block-column is-layout-flow wp-block-column-is-layout-flow\" style=\"padding-right:0;padding-left:0\">\n<ul class=\"wp-block-list\">\n<li><strong>Engineering Education.<\/strong> \n<ul class=\"wp-block-list\">\n<li class=\"has-text-color has-link-color wp-elements-3612375d0a041dd30f76772805ed582a\" style=\"color:#6e2900\"><strong>Track Chairs:<\/strong> Karina Barbosa and Carlos Mu\u00f1oz.<\/li>\n<\/ul>\n<\/li>\n\n\n\n<li><strong>Information Technologies and Communication Systems.<\/strong> \n<ul class=\"wp-block-list\">\n<li class=\"has-text-color has-link-color wp-elements-76906225992b37746fc114251005e865\" style=\"color:#6e2900\"><strong>Track Chairs:<\/strong> Cristi\u00e1n Dur\u00e1n and H\u00e9ctor Kaschel.<\/li>\n<\/ul>\n<\/li>\n\n\n\n<li><strong>IoT and Mecatronics.<\/strong> \n<ul class=\"wp-block-list\">\n<li class=\"has-text-color has-link-color wp-elements-7fb56aff18712253fe47db43150875b8\" style=\"color:#6e2900\"><strong>Track Chairs:<\/strong> Mario Fern\u00e1ndez and Carlos Mu\u00f1oz.<\/li>\n<\/ul>\n<\/li>\n\n\n\n<li><strong>Power Electronics. <\/strong>\n<ul class=\"wp-block-list\">\n<li class=\"has-text-color has-link-color wp-elements-87c7ac3e83ab4723c9d165aa43bac180\" style=\"color:#6e2900\"><strong>Track Chairs:<\/strong> Matias Diaz and Marco Rivera.<\/li>\n<\/ul>\n<\/li>\n\n\n\n<li><strong>Production and Industry 4.0.<\/strong> \n<ul class=\"wp-block-list\">\n<li class=\"has-text-color has-link-color wp-elements-9d00fcc1fd9de29a7532b99b6dbd72bf\" style=\"color:#6e2900\"><strong>Track Chairs:<\/strong> Felisa C\u00f3rdova and Ismael L\u00f3pez-Ju\u00e1rez.<\/li>\n<\/ul>\n<\/li>\n\n\n\n<li><strong>Robotics and Computer Vision.<\/strong> \n<ul class=\"wp-block-list\">\n<li class=\"has-text-color has-link-color wp-elements-90d967051c97d1d08aece4f697e8019d\" style=\"color:#6e2900\"><strong>Track Chairs:<\/strong> Rom\u00e1n Osorio and Miguel Solis.<\/li>\n<\/ul>\n<\/li>\n\n\n\n<li><strong>Smart Industry for Sustainable Economic Growth.<\/strong> \n<ul class=\"wp-block-list\">\n<li class=\"has-text-color has-link-color wp-elements-b167cc1dcc61214282db73042ddb77b8\" style=\"color:#6e2900\"><strong>Track Chairs:<\/strong> Alejandro Rojas and Constanza Ahumada.<\/li>\n<\/ul>\n<\/li>\n\n\n\n<li><strong>Geoscience and remote sensors.<\/strong> \n<ul class=\"wp-block-list\">\n<li class=\"has-text-color has-link-color wp-elements-a0a1b905ca2487df1c4a224d0c625ff1\" style=\"color:#6e2900\"><strong>Track Chair:<\/strong> Carlos C\u00e1rdenas.<\/li>\n<\/ul>\n<\/li>\n<\/ul>\n<\/div>\n<\/div>\n\n\n\n<div class=\"wp-block-columns alignwide has-border-color has-base-color has-base-background-color has-text-color has-background has-link-color wp-elements-2bad447f30d26212643291d631cf692b is-layout-flex wp-container-core-columns-is-layout-f1061711 wp-block-columns-is-layout-flex\" style=\"border-color:#092d73;border-width:2px;border-radius:10px;padding-right:var(--wp--preset--spacing--20);padding-left:var(--wp--preset--spacing--20)\">\n<div class=\"wp-block-column is-layout-flow wp-block-column-is-layout-flow\">\n<p class=\"has-text-color has-link-color wp-elements-754f3b00a10a379464e8a3602404c146\" style=\"color:#092d73;font-size:clamp(14.642px, 0.915rem + ((1vw - 3.2px) * 0.766), 22px);\"><strong><strong><strong><strong>Important dates<\/strong><\/strong><\/strong><\/strong><\/p>\n\n\n\n<ul class=\"wp-block-list has-contrast-color has-text-color has-link-color wp-elements-956caf440813624bfe6c0ff019bff5c7\">\n<li><strong>Full Paper Submission:<\/strong> <s><mark style=\"background-color:rgba(0, 0, 0, 0)\" class=\"has-inline-color has-contrast-color\">June 30, 2025<\/mark><\/s> <mark style=\"background-color:rgba(0, 0, 0, 0);color:#ff0000\" class=\"has-inline-color\"><strong>July, 17<sup>th<\/sup>, 2025<\/strong><\/mark> <\/li>\n\n\n\n<li><strong>IPC notifications:<\/strong> Sept. 14, 2025.<\/li>\n\n\n\n<li><strong>Camera Ready Papers:<\/strong> Oct. 1, 2025.<\/li>\n\n\n\n<li><strong>Early registration:<\/strong> Oct. 1, 2025.<\/li>\n\n\n\n<li><strong>Conference:<\/strong> Oct. 28-30, 2025.<\/li>\n<\/ul>\n<\/div>\n<\/div>\n\n\n\n<div class=\"wp-block-columns alignwide has-border-color has-base-color has-base-background-color has-text-color has-background has-link-color wp-elements-fbc55cf7b3bd788098081bc34c20b308 is-layout-flex wp-container-core-columns-is-layout-f1061711 wp-block-columns-is-layout-flex\" style=\"border-color:#092d73;border-width:2px;border-radius:10px;padding-right:var(--wp--preset--spacing--20);padding-left:var(--wp--preset--spacing--20)\">\n<div class=\"wp-block-column is-layout-flow wp-block-column-is-layout-flow\">\n<p class=\"has-text-color has-link-color wp-elements-0b23f96cf9d46b123e3b249a22fe563a\" style=\"color:#092d73;font-size:clamp(14.642px, 0.915rem + ((1vw - 3.2px) * 0.766), 22px);\"><strong><strong><strong><strong>Paper Submission<\/strong><\/strong><\/strong><\/strong><\/p>\n\n\n\n<ul class=\"wp-block-list has-contrast-color has-text-color has-link-color wp-elements-2f05e753a3169548f539bb35ad9773b5\">\n<li>Full paper submission via <strong><a href=\"https:\/\/easychair.org\/conferences\/?conf=cleijccchilecon2025\">Easychair<\/a><\/strong>.<\/li>\n\n\n\n<li><a href=\"https:\/\/www.ieee.org\/conferences\/publishing\/templates\">IEEE Proceedings format<\/a> &#8211; max 6 pages.<\/li>\n\n\n\n<li>Additional page USD50 per page, max 2 extra pages.<\/li>\n<\/ul>\n<\/div>\n<\/div>\n\n\n\n<p><\/p>\n","protected":false},"excerpt":{"rendered":"<p>IEEE Chilecon 2025 Best Paper Award Chilecon 2025 calls for papers in the various fields of engineering, science and related subjects, with the following topics being considered of special interest: Important dates Paper Submission<\/p>\n","protected":false},"author":1,"featured_media":0,"parent":0,"menu_order":0,"comment_status":"closed","ping_status":"closed","template":"","meta":{"footnotes":""},"class_list":["post-77","page","type-page","status-publish","hentry"],"_links":{"self":[{"href":"https:\/\/chilecon2025.pucv.cl\/index.php?rest_route=\/wp\/v2\/pages\/77","targetHints":{"allow":["GET"]}}],"collection":[{"href":"https:\/\/chilecon2025.pucv.cl\/index.php?rest_route=\/wp\/v2\/pages"}],"about":[{"href":"https:\/\/chilecon2025.pucv.cl\/index.php?rest_route=\/wp\/v2\/types\/page"}],"author":[{"embeddable":true,"href":"https:\/\/chilecon2025.pucv.cl\/index.php?rest_route=\/wp\/v2\/users\/1"}],"replies":[{"embeddable":true,"href":"https:\/\/chilecon2025.pucv.cl\/index.php?rest_route=%2Fwp%2Fv2%2Fcomments&post=77"}],"version-history":[{"count":23,"href":"https:\/\/chilecon2025.pucv.cl\/index.php?rest_route=\/wp\/v2\/pages\/77\/revisions"}],"predecessor-version":[{"id":384,"href":"https:\/\/chilecon2025.pucv.cl\/index.php?rest_route=\/wp\/v2\/pages\/77\/revisions\/384"}],"wp:attachment":[{"href":"https:\/\/chilecon2025.pucv.cl\/index.php?rest_route=%2Fwp%2Fv2%2Fmedia&parent=77"}],"curies":[{"name":"wp","href":"https:\/\/api.w.org\/{rel}","templated":true}]}}