{"id":80,"date":"2025-01-14T18:37:49","date_gmt":"2025-01-14T21:37:49","guid":{"rendered":"https:\/\/clcon.moai-san.net\/?page_id=7"},"modified":"2025-10-29T12:46:09","modified_gmt":"2025-10-29T15:46:09","slug":"about-valparaiso","status":"publish","type":"page","link":"https:\/\/chilecon2025.pucv.cl\/?page_id=80","title":{"rendered":"About Valpara\u00edso"},"content":{"rendered":"\n<div class=\"wp-block-group alignfull has-body-font-family is-layout-flow wp-container-core-group-is-layout-e603688c wp-block-group-is-layout-flow\" style=\"margin-top:0;margin-bottom:0;padding-top:0;padding-right:0;padding-bottom:0;padding-left:0\">\n<div class=\"wp-block-cover has-parallax has-base-color has-text-color has-link-color wp-elements-aa2de1ea4159b5bc33e4d40e9b2d1b70\" style=\"min-height:350px;aspect-ratio:unset;\"><div class=\"wp-block-cover__image-background wp-image-70 has-parallax\" style=\"background-position:50% 50%;background-image:url(https:\/\/ieeechilecon2025.wordpress.com\/wp-content\/uploads\/2024\/12\/banner-1920-x-740.jpeg)\"><\/div><span aria-hidden=\"true\" class=\"wp-block-cover__background has-background-dim-40 has-background-dim\"><\/span><div class=\"wp-block-cover__inner-container has-global-padding is-layout-constrained wp-block-cover-is-layout-constrained\">\n<p class=\"has-text-align-center has-background has-xx-large-font-size\" style=\"border-width:5px;border-radius:10px;background-color:#092d73;margin-top:0;margin-bottom:0;padding-top:0;padding-right:0;padding-bottom:0;padding-left:0\">About Valpara\u00edso<\/p>\n<\/div><\/div>\n\n\n\n<div class=\"wp-block-group alignwide has-global-padding is-layout-constrained wp-container-core-group-is-layout-d90004b7 wp-block-group-is-layout-constrained has-background\" style=\"margin-bottom:-30px;padding-top:var(--wp--preset--spacing--30);padding-bottom:var(--wp--preset--spacing--40);background-image:url(&apos;https:\/\/ieeechilecon2025.wordpress.com\/wp-content\/uploads\/2024\/12\/dallc2b7e-2024-12-26-19.12.02-a-seamless-vertically-repeating-pattern-for-a-website-background.-the-design-should-have-a-pure-white-base-hex-color-ffffff-with-delicate-blue-det.webp&apos;);background-position:50% 0;background-size:auto;\">\n<div class=\"wp-block-columns alignwide has-background is-layout-flex wp-container-core-columns-is-layout-60a73739 wp-block-columns-is-layout-flex\" style=\"border-radius:7px;background-color:#092d73;padding-top:var(--wp--preset--spacing--20);padding-right:var(--wp--preset--spacing--10);padding-bottom:var(--wp--preset--spacing--20);padding-left:var(--wp--preset--spacing--10)\">\n<div class=\"wp-block-column is-layout-flow wp-block-column-is-layout-flow\" style=\"flex-basis:50%\">\n<h2 class=\"wp-block-heading\"><mark style=\"background-color:rgba(0, 0, 0, 0)\" class=\"has-inline-color has-base-2-color\"><strong>Social Dinner<\/strong><\/mark><\/h2>\n\n\n\n<p><mark style=\"background-color:rgba(0, 0, 0, 0)\" class=\"has-inline-color has-base-2-color\">The social dinner will be held @ Estadio Espa\u00f1ol (Recreo). <\/mark><\/p>\n\n\n\n<figure class=\"wp-block-image\"><img decoding=\"async\" src=\"https:\/\/chilecon2025.pucv.cl\/wp-content\/uploads\/2025\/10\/image-1024x354.png\" alt=\"\" class=\"wp-image-35\" style=\"aspect-ratio:16\/9;object-fit:cover\"\/><\/figure>\n<\/div>\n\n\n\n<div class=\"wp-block-column is-vertically-aligned-center is-layout-flow wp-block-column-is-layout-flow\" style=\"flex-basis:50%\">\n  <div style=\"width: 100%\"><iframe loading=\"lazy\" width=\"100%\" height=\"400\" frameborder=\"0\" scrolling=\"no\" marginheight=\"0\" marginwidth=\"0\" src=\"https:\/\/maps.google.com\/maps?width=100%25&amp;height=400&amp;hl=en&amp;q=Estadio%20-%20Espa%C3%B1ol%20Recreo.+(Venue%20Location)&amp;t=k&amp;z=16&amp;ie=UTF8&amp;iwloc=B&amp;output=embed\"><\/iframe><\/div>\n\n\n\n<ul style=\"line-height:1.75\" class=\"wp-block-list is-style-default has-base-color has-text-color has-link-color wp-elements-9e2d928bcde4fd6774446515d4b85462\">\n<li class=\"has-base-color has-text-color has-link-color wp-elements-d71cba6ec2b433aa348c78f9bc06c9f0\"><strong>Estadio Espa\u00f1ol (Recreo)<\/strong><\/li>\n\n\n\n<li><strong>Alonso de Ercilla 795, Vi\u00f1a del Mar, Valpara\u00edso<\/strong>.<\/li>\n<\/ul>\n<\/div>\n<\/div>\n\n\n\n<div style=\"height:42px\" aria-hidden=\"true\" class=\"wp-block-spacer\"><\/div>\n\n\n\n<div class=\"wp-block-columns alignwide has-background is-layout-flex wp-container-core-columns-is-layout-60a73739 wp-block-columns-is-layout-flex\" style=\"border-radius:7px;background-color:#092d73;padding-top:var(--wp--preset--spacing--20);padding-right:var(--wp--preset--spacing--10);padding-bottom:var(--wp--preset--spacing--20);padding-left:var(--wp--preset--spacing--10)\">\n<div class=\"wp-block-column is-layout-flow wp-block-column-is-layout-flow\" style=\"flex-basis:50%\">\n<h2 class=\"wp-block-heading\"><mark style=\"background-color:rgba(0, 0, 0, 0)\" class=\"has-inline-color has-base-2-color\"><strong>Venue<\/strong><\/mark><\/h2>\n\n\n\n<p><mark style=\"background-color:rgba(0, 0, 0, 0)\" class=\"has-inline-color has-base-2-color\"> The conference will be held on IBC building at PUCV. <\/mark><\/p>\n\n\n\n<div style=\"width: 100%\"><img decoding=\"async\" src=\"https:\/\/ieeechilecon2025.wordpress.com\/wp-content\/uploads\/2024\/12\/sede-1.jpg?w=686\" alt=\"\" class=\"wp-image-35\" style=\"border-style:none;border-width:0px;object-fit:cover;width: 100%;height=400;marginheight=0;marginwidth=0\"\/><\/div>\n<\/div>\n\n\n\n<div class=\"wp-block-column is-vertically-aligned-center is-layout-flow wp-block-column-is-layout-flow\" style=\"flex-basis:50%\">\n<div style=\"width: 100%\"><iframe loading=\"lazy\" width=\"100%\" height=\"400\" frameborder=\"0\" scrolling=\"no\" marginheight=\"0\" marginwidth=\"0\" src=\"https:\/\/maps.google.com\/maps?width=100%25&amp;height=400&amp;hl=en&amp;q=Edificio%20Isabel%20Brown%20Caces%20PUCV,%20Valpara%C3%ADso,%20Chile.+(Venue%20Location)&amp;t=k&amp;z=16&amp;ie=UTF8&amp;iwloc=B&amp;output=embed\"><\/iframe><\/div>\n\n\n\n<ul style=\"line-height:1.75\" class=\"wp-block-list is-style-default has-base-color has-text-color has-link-color wp-elements-9169bd379653ddf12b3ff9391b913416\">\n<li class=\"has-base-color has-text-color has-link-color wp-elements-cf9a2424f2b91782d62a016db85af1ff\"><strong>Pontificia Universidad Cat\u00f3lica de Valpara\u00edso<\/strong><\/li>\n\n\n\n<li><strong>Edificio Isabel Brown Caces(IBC)<\/strong><\/li>\n\n\n\n<li><strong>Brasil 2241, 2362807 Valpara\u00edso<\/strong><\/li>\n<\/ul>\n<\/div>\n<\/div>\n\n\n\n<div style=\"height:42px\" aria-hidden=\"true\" class=\"wp-block-spacer\"><\/div>\n\n\n\n<div class=\"wp-block-columns alignwide has-base-color has-text-color has-background has-link-color wp-elements-c9987df851d86c421d8b6201862e9e5a is-layout-flex wp-container-core-columns-is-layout-5c1833ce wp-block-columns-is-layout-flex\" style=\"border-style:none;border-width:0px;border-radius:11px;background-color:#092d73;margin-top:0;margin-bottom:0;padding-top:var(--wp--preset--spacing--20);padding-right:var(--wp--preset--spacing--10);padding-bottom:var(--wp--preset--spacing--20);padding-left:var(--wp--preset--spacing--10)\">\n<div class=\"wp-block-column is-vertically-aligned-center is-layout-flow wp-block-column-is-layout-flow\" style=\"padding-right:var(--wp--preset--spacing--30);padding-left:var(--wp--preset--spacing--30);flex-basis:40%\">\n<h2 class=\"wp-block-heading has-base-2-color has-text-color has-link-color has-x-large-font-size wp-elements-4072c07cfd00252f04ff3d695ddc6267\" style=\"margin-top:0\"><strong>Hotels <\/strong><\/h2>\n\n\n\n<ul class=\"wp-block-list has-medium-font-size\">\n<li><strong>Ibis Valpara\u00edso<\/strong>  <a href=\"https:\/\/all.accor.com\/a\/es.html\">https:\/\/all.accor.com\/a\/es.html<\/a><\/li>\n\n\n\n<li><strong>Diego de Almagro Vi\u00f1a del Mar<\/strong> <a href=\"https:\/\/www.dahoteles.com\/\">https:\/\/www.dahoteles.com\/<\/a><\/li>\n<\/ul>\n\n\n\n<h2 class=\"wp-block-heading has-base-2-color has-text-color has-link-color wp-elements-71e8b906169d3863b11f7f9f17e6a248\" style=\"margin-top:var(--wp--preset--spacing--30)\"><strong>Arrival from the Airport to Valpara\u00edso<\/strong><\/h2>\n\n\n\n<p>To see transportation options from Santiago de Chile Airport to Valpara\u00edso and Vi\u00f1a del Mar, click <a href=\"https:\/\/conferencia2025.clei.org\/en\/airport-arrival\/\">here<\/a>.<\/p>\n\n\n\n<h2 class=\"wp-block-heading has-base-2-color has-text-color has-link-color wp-elements-f5d6ce52141f5890b4fa448ddb8dea9c\" style=\"border-style:none;border-width:0px;margin-top:var(--wp--preset--spacing--30);margin-right:0;margin-bottom:0\"><strong>Casablanca<\/strong> Wine Tour<\/h2>\n\n\n\n<p>FRIDAY, OCTOBER 31, 11:00 AM<br>Wine Tour at Casas del Bosque Vineyard with a guided tour (Spanish\/English) including a tasting of 3 wines + lunch at Rio Tinto Restaurant in Casablanca (buffet service). More information and ticket purchase <a href=\"https:\/\/conferencia2025.clei.org\/en\/tour-casablanca-valley\/\">here<\/a>.<\/p>\n<\/div>\n\n\n\n<div class=\"wp-block-column is-layout-flow wp-block-column-is-layout-flow\" style=\"flex-basis:50%\">\n<figure class=\"wp-block-image size-full\"><img loading=\"lazy\" decoding=\"async\" width=\"1024\" height=\"768\" src=\"http:\/\/200.35.159.33\/wp-content\/uploads\/2025\/01\/8227_rodbc_00_p_1024x768.jpg\" alt=\"\" class=\"wp-image-37\" srcset=\"https:\/\/chilecon2025.pucv.cl\/wp-content\/uploads\/2025\/01\/8227_rodbc_00_p_1024x768.jpg 1024w, https:\/\/chilecon2025.pucv.cl\/wp-content\/uploads\/2025\/01\/8227_rodbc_00_p_1024x768-300x225.jpg 300w, https:\/\/chilecon2025.pucv.cl\/wp-content\/uploads\/2025\/01\/8227_rodbc_00_p_1024x768-768x576.jpg 768w\" sizes=\"auto, (max-width: 1024px) 100vw, 1024px\" \/><\/figure>\n<\/div>\n<\/div>\n\n\n\n<div style=\"height:42px\" aria-hidden=\"true\" class=\"wp-block-spacer\"><\/div>\n\n\n\n<div class=\"wp-block-columns alignwide has-base-2-color has-text-color has-background has-link-color wp-elements-6432cc73d69da4d8ac800a89039c7809 is-layout-flex wp-container-core-columns-is-layout-5c1833ce wp-block-columns-is-layout-flex\" style=\"border-style:none;border-width:0px;border-radius:11px;background-color:#092d73;margin-top:0;margin-bottom:0;padding-top:var(--wp--preset--spacing--20);padding-right:var(--wp--preset--spacing--10);padding-bottom:var(--wp--preset--spacing--20);padding-left:var(--wp--preset--spacing--10)\">\n<div class=\"wp-block-column is-vertically-aligned-center is-layout-flow wp-block-column-is-layout-flow\" style=\"padding-right:var(--wp--preset--spacing--30);padding-left:var(--wp--preset--spacing--30);flex-basis:40%\">\n<h3 class=\"wp-block-heading is-style-default has-base-2-color has-text-color has-link-color wp-elements-e3adade857a7f969a5e044e55fcd6eed\">Other interesting places in Valpara\u00edso<\/h3>\n\n\n\n<ul style=\"line-height:1.75\" class=\"wp-block-list is-style-default\">\n<li><strong>Casablanca<\/strong>\n<ul class=\"wp-block-list\">\n<li>Wide variety of wineries, vineyards, and enotourism in general.\n<ul class=\"wp-block-list\">\n<li><a href=\"https:\/\/www.vinedosveramonte.cl\/tours-%26-experiencias\" data-type=\"link\" data-id=\"https:\/\/www.vinedosveramonte.cl\/tours-%26-experiencias\">Veramonte<\/a><\/li>\n\n\n\n<li><a href=\"https:\/\/www.emiliana.cl\/en\/visitanos\/tours-degustaciones\/\" data-type=\"link\" data-id=\"https:\/\/www.emiliana.cl\/en\/visitanos\/tours-degustaciones\/\">Emiliana<\/a><\/li>\n\n\n\n<li><a href=\"http:\/\/williamcolevineyards.cl\/new_site\/en\/\">William Cole<\/a><\/li>\n\n\n\n<li><a href=\"https:\/\/vinamar.cl\/en\/visita-casa-vinamar\/\">Vi\u00f1amar<\/a><\/li>\n\n\n\n<li><a href=\"https:\/\/casasdelbosque.cl\/en\/content\/86-enotourism\">Casas del Bosque<\/a><\/li>\n\n\n\n<li>Among many others.<\/li>\n<\/ul>\n<\/li>\n<\/ul>\n<\/li>\n\n\n\n<li><strong>Cerro Concepci\u00f3n y Cerro alegre<\/strong>\n<ul class=\"wp-block-list\">\n<li>Colorful streets with lots of murals, caf\u00e9s and lookout places.<\/li>\n<\/ul>\n<\/li>\n\n\n\n<li><strong>Ascensor Artiller\u00eda<\/strong> <strong>y Reina Victoria<\/strong><\/li>\n\n\n\n<li><strong>Palacio Baburizza<\/strong>\n<ul class=\"wp-block-list\">\n<li>Fine Arts Museum of Valpara\u00edso<\/li>\n<\/ul>\n<\/li>\n\n\n\n<li><strong>Pablo Neruda&#8217;s Museum Houses<\/strong>\n<ul class=\"wp-block-list\">\n<li><a href=\"https:\/\/fundacionneruda.org\/en\/isla-negra-museum-house\/\">Isla Negra Museum House<\/a><\/li>\n\n\n\n<li><a href=\"https:\/\/fundacionneruda.org\/en\/la-sebastiana-museum-house\/\">La Sebastiana Museum House.<\/a><\/li>\n<\/ul>\n<\/li>\n<\/ul>\n<\/div>\n\n\n\n<div class=\"wp-block-column is-layout-flow wp-block-column-is-layout-flow\" style=\"flex-basis:50%\">\n<figure class=\"wp-block-gallery has-nested-images columns-default is-cropped wp-block-gallery-1 is-layout-flex wp-block-gallery-is-layout-flex\">\n<figure class=\"wp-block-image size-large\"><img loading=\"lazy\" decoding=\"async\" width=\"1024\" height=\"684\" data-id=\"32\" src=\"http:\/\/200.35.159.33\/wp-content\/uploads\/2025\/01\/fc6d31cb-dsc_3809-1-scaled-1-1024x684.jpg\" alt=\"\" class=\"wp-image-32\" srcset=\"https:\/\/chilecon2025.pucv.cl\/wp-content\/uploads\/2025\/01\/fc6d31cb-dsc_3809-1-scaled-1-1024x684.jpg 1024w, https:\/\/chilecon2025.pucv.cl\/wp-content\/uploads\/2025\/01\/fc6d31cb-dsc_3809-1-scaled-1-300x200.jpg 300w, https:\/\/chilecon2025.pucv.cl\/wp-content\/uploads\/2025\/01\/fc6d31cb-dsc_3809-1-scaled-1-768x513.jpg 768w, https:\/\/chilecon2025.pucv.cl\/wp-content\/uploads\/2025\/01\/fc6d31cb-dsc_3809-1-scaled-1-1536x1025.jpg 1536w, https:\/\/chilecon2025.pucv.cl\/wp-content\/uploads\/2025\/01\/fc6d31cb-dsc_3809-1-scaled-1-2048x1367.jpg 2048w\" sizes=\"auto, (max-width: 1024px) 100vw, 1024px\" \/><figcaption class=\"wp-element-caption\">Ascensor Reina Victoria<\/figcaption><\/figure>\n<\/figure>\n<\/div>\n<\/div>\n<\/div>\n<\/div>\n","protected":false},"excerpt":{"rendered":"<p>Social Dinner The social dinner will be held @ Estadio Espa\u00f1ol (Recreo). Venue The conference will be held on IBC building at PUCV. Hotels Arrival from the Airport to Valpara\u00edso To see transportation options from Santiago de Chile Airport to Valpara\u00edso and Vi\u00f1a del Mar, click here. Casablanca Wine Tour FRIDAY, OCTOBER 31, 11:00 AMWine [&hellip;]<\/p>\n","protected":false},"author":1,"featured_media":0,"parent":0,"menu_order":0,"comment_status":"closed","ping_status":"closed","template":"","meta":{"footnotes":""},"class_list":["post-80","page","type-page","status-publish","hentry"],"_links":{"self":[{"href":"https:\/\/chilecon2025.pucv.cl\/index.php?rest_route=\/wp\/v2\/pages\/80","targetHints":{"allow":["GET"]}}],"collection":[{"href":"https:\/\/chilecon2025.pucv.cl\/index.php?rest_route=\/wp\/v2\/pages"}],"about":[{"href":"https:\/\/chilecon2025.pucv.cl\/index.php?rest_route=\/wp\/v2\/types\/page"}],"author":[{"embeddable":true,"href":"https:\/\/chilecon2025.pucv.cl\/index.php?rest_route=\/wp\/v2\/users\/1"}],"replies":[{"embeddable":true,"href":"https:\/\/chilecon2025.pucv.cl\/index.php?rest_route=%2Fwp%2Fv2%2Fcomments&post=80"}],"version-history":[{"count":26,"href":"https:\/\/chilecon2025.pucv.cl\/index.php?rest_route=\/wp\/v2\/pages\/80\/revisions"}],"predecessor-version":[{"id":370,"href":"https:\/\/chilecon2025.pucv.cl\/index.php?rest_route=\/wp\/v2\/pages\/80\/revisions\/370"}],"wp:attachment":[{"href":"https:\/\/chilecon2025.pucv.cl\/index.php?rest_route=%2Fwp%2Fv2%2Fmedia&parent=80"}],"curies":[{"name":"wp","href":"https:\/\/api.w.org\/{rel}","templated":true}]}}